{"id":526,"date":"2026-04-17T20:45:50","date_gmt":"2026-04-17T20:45:50","guid":{"rendered":"https:\/\/fotografartemb.it\/?page_id=526"},"modified":"2026-04-17T21:21:47","modified_gmt":"2026-04-17T21:21:47","slug":"privacy-cookie-policy","status":"publish","type":"page","link":"https:\/\/fotografartemb.it\/?page_id=526","title":{"rendered":"Privacy e Cookie Policy"},"content":{"rendered":"\t\t<div data-elementor-type=\"wp-page\" data-elementor-id=\"526\" class=\"elementor elementor-526\">\n\t\t\t\t\t\t<section class=\"elementor-section elementor-top-section elementor-element elementor-element-f81fb8b elementor-section-height-min-height elementor-section-boxed elementor-section-height-default elementor-section-items-middle\" data-id=\"f81fb8b\" data-element_type=\"section\" data-e-type=\"section\" id=\"chi-sono\" data-settings=\"{&quot;background_background&quot;:&quot;classic&quot;}\">\n\t\t\t\t\t\t<div class=\"elementor-container elementor-column-gap-default\">\n\t\t\t\t\t<div class=\"elementor-column elementor-col-100 elementor-top-column elementor-element elementor-element-48c1ae4\" data-id=\"48c1ae4\" data-element_type=\"column\" data-e-type=\"column\">\n\t\t\t<div class=\"elementor-widget-wrap elementor-element-populated\">\n\t\t\t\t\t\t<div class=\"elementor-element elementor-element-78422a8 elementor-widget elementor-widget-heading\" data-id=\"78422a8\" data-element_type=\"widget\" data-e-type=\"widget\" data-widget_type=\"heading.default\">\n\t\t\t\t<div class=\"elementor-widget-container\">\n\t\t\t\t\t<h2 class=\"elementor-heading-title elementor-size-default\">Privacy e Cookie Policy<\/h2>\t\t\t\t<\/div>\n\t\t\t\t<\/div>\n\t\t\t\t<section class=\"elementor-section elementor-inner-section elementor-element elementor-element-5cee964 elementor-section-boxed elementor-section-height-default elementor-section-height-default\" data-id=\"5cee964\" data-element_type=\"section\" data-e-type=\"section\">\n\t\t\t\t\t\t<div class=\"elementor-container elementor-column-gap-default\">\n\t\t\t\t\t<div class=\"elementor-column elementor-col-100 elementor-inner-column elementor-element elementor-element-44edcf1\" data-id=\"44edcf1\" data-element_type=\"column\" data-e-type=\"column\">\n\t\t\t<div class=\"elementor-widget-wrap elementor-element-populated\">\n\t\t\t\t\t\t<div class=\"elementor-element elementor-element-de03bc6 elementor-widget elementor-widget-text-editor\" data-id=\"de03bc6\" data-element_type=\"widget\" data-e-type=\"widget\" data-widget_type=\"text-editor.default\">\n\t\t\t\t<div class=\"elementor-widget-container\">\n\t\t\t\t\t\t\t\t\t<div class=\"cli_pg_page_contaner\">\n<h4 style=\"color: #ffffff; font-size: 18px;\"><strong>Informativa privacy<\/strong><\/h4>\n<\/div>\n<div class=\"cli_pg_page_contaner\">\n\nTrattamento dei dati personali degli utenti del sito. In questa pagina si descrivono le modalit\u00e0 di gestione del sito web con riguardo al trattamento dei dati personali degli utenti che lo consultano e ne utilizzano i servizi. La presente informativa \u00e8 resa ai sensi dell\u2019art. 13 REGOLAMENTO (UE) 2016\/679 del 27 aprile 2016 (Regolamento Generale sulla Protezione dei Dati) a coloro che interagiscono con i servizi web di <strong><b>Matteo Bertoli &#8211; indirizzo\n<\/b><\/strong>\n<div class=\"vce-row-container\">\n<div id=\"el-dc4f9951\" class=\"vce-row vce-row--col-gap-20 vce-row-columns--top vce-row-content--top no-inner-container\" data-vce-do-apply=\"all el-dc4f9951\">\n<div class=\"vce-row-content\" data-vce-element-content=\"true\">\n<div id=\"el-dfcb3743\" class=\"vce-col vce-col--md-auto vce-col--xs-1 vce-col--xs-last vce-col--xs-first vce-col--sm-last vce-col--sm-first vce-col--md-last vce-col--lg-last vce-col--xl-last vce-col--md-first vce-col--lg-first vce-col--xl-first\">\n<div class=\"vce-col-inner\" data-vce-do-apply=\"border margin background el-dfcb3743\">\n<div class=\"vce-col-content\" data-vce-element-content=\"true\" data-vce-do-apply=\"padding el-dfcb3743\">\n<div class=\"vce-text-block\">\n<div id=\"el-75811e96\" class=\"vce-text-block-wrapper vce\" data-vce-do-apply=\"all el-75811e96\">\n<p><h4 style=\"color: #ffffff; font-size: 18px; class=\"western\" align=\"JUSTIFY\"><b><\/b><b>Titolare del trattamento<\/b><\/h4>\nA seguito della consultazione di questo sito possono essere trattati dati relativi a persone identificate o identificabili. Il titolare del trattamento dei dati personali \u00e8 <strong><b>Matteo Bertoli &#8211; indirizzo<\/b><\/strong>.\n<p><h4 style=\"color: #ffffff; font-size: 18px; class=\"western\" align=\"JUSTIFY\"><b>\n<\/b><b>Luogo di trattamento dei dati<\/b><\/h4>\nI trattamenti connessi ai servizi web di questo sito hanno luogo presso la predetta sede di\u00a0<strong><b>Matteo Bertoli &#8211; indirizzo<\/b> <\/strong>,\u00a0 e sono curati solo da personale dell\u2019ufficio incaricato del trattamento.\nNessun dato derivante dal servizio web viene comunicato o diffuso. I dati personali forniti dagli utenti che inoltrano richieste di invio di materiale informativo (bollettini, newsletter, relazioni annuali, risposte a quesiti, atti e provvedimenti, ecc.) sono utilizzati al solo fine di eseguire il servizio o la prestazione richiesta e sono comunicati a terzi nel solo caso in cui ci\u00f2 sia a tal fine necessario.\n<p><h4 style=\"color: #ffffff; font-size: 18px; class=\"western\" align=\"JUSTIFY\"><b>\n<\/b><b>Tipi di dati trattati<\/b><\/h4>\n<p><h4 style=\"color: #ffffff; font-size: 18px; class=\"western\" align=\"JUSTIFY\"><b>Dati di navigazione<\/b><\/h4>\nI sistemi informatici e le procedure software preposte al funzionamento di questo sito web acquisiscono, nel corso del loro normale esercizio, alcuni dati personali la cui trasmissione \u00e8 implicita nell\u2019uso dei protocolli di comunicazione di Internet. Si tratta di informazioni che non sono raccolte per essere associate a interessati identificati, ma che per loro stessa natura potrebbero, attraverso elaborazioni ed associazioni con dati detenuti da terzi, permettere di identificare gli utenti. In questa categoria di dati rientrano gli indirizzi IP o i nomi a dominio dei computer utilizzati dagli utenti che si connettono al sito, gli indirizzi in notazione URI (Uniform Resource Identifier) delle risorse richieste, l\u2019orario della richiesta, il metodo utilizzato nel sottoporre la richiesta al server, la dimensione del file ottenuto in risposta, il codice numerico indicante lo stato della risposta data dal server (buon fine, errore, ecc.) ed altri parametri relativi al sistema operativo e all\u2019ambiente informatico dell\u2019utente. Questi dati vengono utilizzati al solo fine di ricavare informazioni statistiche anonime sull\u2019uso del sito e per controllarne il corretto funzionamento. I dati potrebbero essere utilizzati per l\u2019accertamento di responsabilit\u00e0 in caso di ipotetici reati informatici ai danni del sito.\n<p><h4 style=\"color: #ffffff; font-size: 18px; class=\"western\" align=\"JUSTIFY\"><b>Dati forniti volontariamente dagli utenti<\/b><\/h4>\nL\u2019invio facoltativo, esplicito e volontario di comunicazioni tramite il Servizio Integrato per l\u2019Esterno ovvero agli indirizzi di posta elettronica indicati su questo sito comporta la successiva acquisizione dell\u2019indirizzo del mittente, necessario per rispondere alle richieste, nonch\u00e9 degli eventuali altri dati personali inseriti nella richiesta.\n<p class=\"cli_pg_page_contaner\"><p><h4 style=\"color: #ffffff; font-size: 18px; class=\"western\" align=\"JUSTIFY\"><strong>Informativa cookie policy<\/strong><\/h4>\nQuesta politica sui cookie spiega cosa sono i cookie e come li utilizziamo, i tipi di cookie che utilizziamo, ovvero le informazioni che raccogliamo utilizzando i cookie e come tali informazioni vengono utilizzate e come controllare le preferenze dei cookie. Per ulteriori informazioni su come utilizziamo, archiviamo e proteggiamo i tuoi dati personali, consulta la nostra Informativa sulla privacy\u00a0. Puoi in qualsiasi momento modificare o revocare il tuo consenso dalla Dichiarazione sui cookie sul nostro sito web. Scopri di pi\u00f9 su chi siamo, come puoi <a href=\"mbfotografarte@gmail.com\">contattarci<\/a> e come trattiamo i dati personali nella nostra Informativa sulla privacy. Il tuo consenso si applica ai seguenti domini: <span class=\"has-inline-color has-white-color\">fotografartemb.it<\/span>\n<div class=\"cli_pg_page_contaner\">\n<p><h4 style=\"color: #ffffff; font-size: 14px; class=\"western\" align=\"JUSTIFY\">\n<strong>Che cosa sono i cookies ?<\/strong><\/h4>\n\nI cookie sono piccoli file di testo che vengono utilizzati per memorizzare piccole informazioni. Vengono memorizzati sul tuo dispositivo quando il sito web viene caricato sul tuo browser. Questi cookie ci aiutano a far funzionare correttamente il sito web, a renderlo pi\u00f9 sicuro, a fornire una migliore esperienza utente e a capire come funziona il sito web e ad analizzare cosa funziona e dove deve essere migliorato.\n<p><h4 style=\"color: #ffffff; font-size: 14px; class=\"western\" align=\"JUSTIFY\">\n<strong>Come utilizziamo i cookies ?<\/strong><\/h4>\n\nCome la maggior parte dei servizi online, il nostro sito web utilizza cookie proprietari e di terze parti per diversi scopi. I cookie proprietari sono per lo pi\u00f9 necessari affinch\u00e9 il sito web funzioni nel modo giusto e non raccolgono nessuno dei tuoi dati personali identificabili. I cookie di terze parti utilizzati sul nostro sito Web sono principalmente per comprendere come funziona il sito Web, come interagisci con il nostro sito Web, mantenere i nostri servizi protetti, fornire annunci pubblicitari pertinenti per te e, nel complesso, fornirti una migliore user experience e a velocizzare le tue interazioni future con il nostro sito web.\n<p><h4 style=\"color: #ffffff; font-size: 14px; class=\"western\" align=\"JUSTIFY\">\n<strong>Che tipo di cookies usiamo ?<\/strong><\/h4>\n\nEssenziali: alcuni cookie sono essenziali per poter sperimentare la piena funzionalit\u00e0 del nostro sito. Ci consentono di mantenere le sessioni utente e prevenire eventuali minacce alla sicurezza. Non raccolgono n\u00e9 memorizzano alcuna informazione personale. Ad esempio, questi cookie ti consentono di accedere al tuo account e aggiungere prodotti al tuo carrello e di effettuare il checkout in modo sicuro.\n<ul>\n \t<p><li>Statistici: questi cookie memorizzano informazioni come il numero di visitatori del sito web, il numero di visitatori unici, quali pagine del sito web sono state visitate, l&#8217;origine della visita, ecc. Questi dati ci aiutano a capire e analizzare il rendimento del sito web e dove necessita di miglioramento.<\/li>\n \t<p><li>Marketing: il nostro sito web mostra annunci pubblicitari. Questi cookie vengono utilizzati per personalizzare gli annunci pubblicitari che ti mostriamo in modo che siano significativi per te. Questi cookie ci aiutano anche a tenere traccia dell&#8217;efficienza di queste campagne pubblicitarie. Le informazioni memorizzate in questi cookie possono anche essere utilizzate dai fornitori di annunci di terze parti per mostrarti annunci su altri siti Web anche sul browser.<\/li>\n \t<p><li>Funzionali: Questi sono i cookie che aiutano alcune funzionalit\u00e0 non essenziali sul nostro sito web. Queste funzionalit\u00e0 includono l&#8217;incorporamento di contenuti come video o la condivisione di contenuti del sito Web su piattaforme di social media.<\/li>\n \t<p><li>Preferenze: questi cookie ci aiutano a memorizzare le tue impostazioni e preferenze di navigazione come le preferenze della lingua in modo da avere un&#8217;esperienza migliore ed efficiente nelle future visite al sito web.[cookie_audit columns=&#8221;cookie,description&#8221; heading=&#8221;The below list details the cookies used in our website.&#8221;]<\/li>\n<\/ul>\n<p><h4 style=\"color: #ffffff; font-size: 14px; class=\"western\" align=\"JUSTIFY\">\n<strong>Come utilizziamo le preferenze dei cookie ?<\/strong><\/h4>\n\nSe decidi di modificare le tue preferenze in un secondo momento durante la sessione di navigazione, puoi fare clic sulla scheda &#8220;Privacy e Cookie Policy&#8221; sullo schermo. Ci\u00f2 visualizzer\u00e0 nuovamente l&#8217;avviso di consenso che ti consentir\u00e0 di modificare le tue preferenze o revocare completamente il tuo consenso. Oltre a ci\u00f2, diversi browser forniscono diversi metodi per bloccare ed eliminare i cookie utilizzati dai siti web. Puoi modificare le impostazioni del tuo browser per bloccare \/ eliminare i cookie. Per saperne di pi\u00f9 su come gestire ed eliminare i cookie, visitare wikipedia.org, www.allaboutcookies.org.\n\n<\/div>\n<\/div>\n<\/div>\n<\/div>\n<\/div>\n<\/div>\n<\/div>\n<\/div>\n<\/div>\n<\/div>\t\t\t\t\t\t\t\t<\/div>\n\t\t\t\t<\/div>\n\t\t\t\t\t<\/div>\n\t\t<\/div>\n\t\t\t\t\t<\/div>\n\t\t<\/section>\n\t\t\t\t\t<\/div>\n\t\t<\/div>\n\t\t\t\t\t<\/div>\n\t\t<\/section>\n\t\t\t\t<section class=\"elementor-section elementor-top-section elementor-element elementor-element-3d38abb elementor-section-height-min-height elementor-section-boxed elementor-section-height-default elementor-section-items-middle\" data-id=\"3d38abb\" data-element_type=\"section\" data-e-type=\"section\" data-settings=\"{&quot;background_background&quot;:&quot;classic&quot;}\">\n\t\t\t\t\t\t<div class=\"elementor-container elementor-column-gap-default\">\n\t\t\t\t\t<div class=\"elementor-column elementor-col-100 elementor-top-column elementor-element elementor-element-eb99bf5\" data-id=\"eb99bf5\" data-element_type=\"column\" data-e-type=\"column\">\n\t\t\t<div class=\"elementor-widget-wrap elementor-element-populated\">\n\t\t\t\t\t\t<div class=\"elementor-element elementor-element-10cacd7 elementor-widget elementor-widget-image\" data-id=\"10cacd7\" data-element_type=\"widget\" data-e-type=\"widget\" data-widget_type=\"image.default\">\n\t\t\t\t<div class=\"elementor-widget-container\">\n\t\t\t\t\t\t\t\t\t\t\t\t\t\t\t<img decoding=\"async\" src=\"https:\/\/fotografartemb.it\/wp-content\/uploads\/elementor\/thumbs\/logo_MB-P-phnk7ppx3vtehjf66htjn1h5d54430ey12ry7glt2s.png\" title=\"logo_MB-P\" alt=\"logo_MB-P\" loading=\"lazy\" \/>\t\t\t\t\t\t\t\t\t\t\t\t\t\t\t<\/div>\n\t\t\t\t<\/div>\n\t\t\t\t<div class=\"elementor-element elementor-element-bd812a1 elementor-widget elementor-widget-heading\" data-id=\"bd812a1\" data-element_type=\"widget\" data-e-type=\"widget\" data-widget_type=\"heading.default\">\n\t\t\t\t<div class=\"elementor-widget-container\">\n\t\t\t\t\t<h6 class=\"elementor-heading-title elementor-size-default\">\u00a9 2026 Matteo Bertoli Fotografarte \u2014 Tutti i diritti riservati<\/h6>\t\t\t\t<\/div>\n\t\t\t\t<\/div>\n\t\t\t\t<div class=\"elementor-element elementor-element-1f1077d elementor-widget elementor-widget-heading\" data-id=\"1f1077d\" data-element_type=\"widget\" data-e-type=\"widget\" data-widget_type=\"heading.default\">\n\t\t\t\t<div class=\"elementor-widget-container\">\n\t\t\t\t\t<h6 class=\"elementor-heading-title elementor-size-default\"><a href=\"https:\/\/fotografartemb.it\/?page_id=381\">Termini e condizioni \u2014 Privacy e Policy<\/a><\/h6>\t\t\t\t<\/div>\n\t\t\t\t<\/div>\n\t\t\t\t\t<\/div>\n\t\t<\/div>\n\t\t\t\t\t<\/div>\n\t\t<\/section>\n\t\t\t\t<\/div>\n\t\t","protected":false},"excerpt":{"rendered":"<p>Privacy e Cookie Policy Informativa privacy Trattamento dei dati personali degli utenti del sito. In questa pagina si descrivono le modalit\u00e0 di gestione del sito&hellip; <\/p>\n","protected":false},"author":1,"featured_media":0,"parent":0,"menu_order":0,"comment_status":"closed","ping_status":"closed","template":"elementor_header_footer","meta":{"footnotes":""},"class_list":["post-526","page","type-page","status-publish","hentry"],"yoast_head":"<!-- This site is optimized with the Yoast SEO plugin v27.4 - https:\/\/yoast.com\/product\/yoast-seo-wordpress\/ -->\n<title>Privacy e Cookie Policy - Fotografartemb<\/title>\n<meta name=\"robots\" content=\"index, follow, max-snippet:-1, max-image-preview:large, max-video-preview:-1\" \/>\n<link rel=\"canonical\" href=\"https:\/\/fotografartemb.it\/?page_id=526\" \/>\n<meta property=\"og:locale\" content=\"it_IT\" \/>\n<meta property=\"og:type\" content=\"article\" \/>\n<meta property=\"og:title\" content=\"Privacy e Cookie Policy - Fotografartemb\" \/>\n<meta property=\"og:description\" content=\"Privacy e Cookie Policy Informativa privacy Trattamento dei dati personali degli utenti del sito. In questa pagina si descrivono le modalit\u00e0 di gestione del sito&hellip;\" \/>\n<meta property=\"og:url\" content=\"https:\/\/fotografartemb.it\/?page_id=526\" \/>\n<meta property=\"og:site_name\" content=\"Fotografartemb\" \/>\n<meta property=\"article:modified_time\" content=\"2026-04-17T21:21:47+00:00\" \/>\n<meta property=\"og:image\" content=\"https:\/\/fotografartemb.it\/wp-content\/uploads\/elementor\/thumbs\/logo_MB-P-phnk7ppx3vtehjf66htjn1h5d54430ey12ry7glt2s.png\" \/>\n<meta name=\"twitter:card\" content=\"summary_large_image\" \/>\n<meta name=\"twitter:label1\" content=\"Tempo di lettura stimato\" \/>\n\t<meta name=\"twitter:data1\" content=\"7 minuti\" \/>\n<script type=\"application\/ld+json\" class=\"yoast-schema-graph\">{\"@context\":\"https:\\\/\\\/schema.org\",\"@graph\":[{\"@type\":\"WebPage\",\"@id\":\"https:\\\/\\\/fotografartemb.it\\\/?page_id=526\",\"url\":\"https:\\\/\\\/fotografartemb.it\\\/?page_id=526\",\"name\":\"Privacy e Cookie Policy - Fotografartemb\",\"isPartOf\":{\"@id\":\"https:\\\/\\\/fotografartemb.it\\\/#website\"},\"primaryImageOfPage\":{\"@id\":\"https:\\\/\\\/fotografartemb.it\\\/?page_id=526#primaryimage\"},\"image\":{\"@id\":\"https:\\\/\\\/fotografartemb.it\\\/?page_id=526#primaryimage\"},\"thumbnailUrl\":\"https:\\\/\\\/fotografartemb.it\\\/wp-content\\\/uploads\\\/elementor\\\/thumbs\\\/logo_MB-P-phnk7ppx3vtehjf66htjn1h5d54430ey12ry7glt2s.png\",\"datePublished\":\"2026-04-17T20:45:50+00:00\",\"dateModified\":\"2026-04-17T21:21:47+00:00\",\"breadcrumb\":{\"@id\":\"https:\\\/\\\/fotografartemb.it\\\/?page_id=526#breadcrumb\"},\"inLanguage\":\"it-IT\",\"potentialAction\":[{\"@type\":\"ReadAction\",\"target\":[\"https:\\\/\\\/fotografartemb.it\\\/?page_id=526\"]}]},{\"@type\":\"ImageObject\",\"inLanguage\":\"it-IT\",\"@id\":\"https:\\\/\\\/fotografartemb.it\\\/?page_id=526#primaryimage\",\"url\":\"https:\\\/\\\/fotografartemb.it\\\/wp-content\\\/uploads\\\/elementor\\\/thumbs\\\/logo_MB-P-phnk7ppx3vtehjf66htjn1h5d54430ey12ry7glt2s.png\",\"contentUrl\":\"https:\\\/\\\/fotografartemb.it\\\/wp-content\\\/uploads\\\/elementor\\\/thumbs\\\/logo_MB-P-phnk7ppx3vtehjf66htjn1h5d54430ey12ry7glt2s.png\"},{\"@type\":\"BreadcrumbList\",\"@id\":\"https:\\\/\\\/fotografartemb.it\\\/?page_id=526#breadcrumb\",\"itemListElement\":[{\"@type\":\"ListItem\",\"position\":1,\"name\":\"Home\",\"item\":\"https:\\\/\\\/fotografartemb.it\\\/\"},{\"@type\":\"ListItem\",\"position\":2,\"name\":\"Privacy e Cookie Policy\"}]},{\"@type\":\"WebSite\",\"@id\":\"https:\\\/\\\/fotografartemb.it\\\/#website\",\"url\":\"https:\\\/\\\/fotografartemb.it\\\/\",\"name\":\"Fotografartemb\",\"description\":\"&quot;Un viaggio nella fotografia&quot;\",\"publisher\":{\"@id\":\"https:\\\/\\\/fotografartemb.it\\\/#organization\"},\"potentialAction\":[{\"@type\":\"SearchAction\",\"target\":{\"@type\":\"EntryPoint\",\"urlTemplate\":\"https:\\\/\\\/fotografartemb.it\\\/?s={search_term_string}\"},\"query-input\":{\"@type\":\"PropertyValueSpecification\",\"valueRequired\":true,\"valueName\":\"search_term_string\"}}],\"inLanguage\":\"it-IT\"},{\"@type\":\"Organization\",\"@id\":\"https:\\\/\\\/fotografartemb.it\\\/#organization\",\"name\":\"Fotografartemb\",\"url\":\"https:\\\/\\\/fotografartemb.it\\\/\",\"logo\":{\"@type\":\"ImageObject\",\"inLanguage\":\"it-IT\",\"@id\":\"https:\\\/\\\/fotografartemb.it\\\/#\\\/schema\\\/logo\\\/image\\\/\",\"url\":\"https:\\\/\\\/fotografartemb.it\\\/wp-content\\\/uploads\\\/2021\\\/12\\\/logo_MB-M.png\",\"contentUrl\":\"https:\\\/\\\/fotografartemb.it\\\/wp-content\\\/uploads\\\/2021\\\/12\\\/logo_MB-M.png\",\"width\":315,\"height\":236,\"caption\":\"Fotografartemb\"},\"image\":{\"@id\":\"https:\\\/\\\/fotografartemb.it\\\/#\\\/schema\\\/logo\\\/image\\\/\"}}]}<\/script>\n<!-- \/ Yoast SEO plugin. -->","yoast_head_json":{"title":"Privacy e Cookie Policy - Fotografartemb","robots":{"index":"index","follow":"follow","max-snippet":"max-snippet:-1","max-image-preview":"max-image-preview:large","max-video-preview":"max-video-preview:-1"},"canonical":"https:\/\/fotografartemb.it\/?page_id=526","og_locale":"it_IT","og_type":"article","og_title":"Privacy e Cookie Policy - Fotografartemb","og_description":"Privacy e Cookie Policy Informativa privacy Trattamento dei dati personali degli utenti del sito. In questa pagina si descrivono le modalit\u00e0 di gestione del sito&hellip;","og_url":"https:\/\/fotografartemb.it\/?page_id=526","og_site_name":"Fotografartemb","article_modified_time":"2026-04-17T21:21:47+00:00","og_image":[{"url":"https:\/\/fotografartemb.it\/wp-content\/uploads\/elementor\/thumbs\/logo_MB-P-phnk7ppx3vtehjf66htjn1h5d54430ey12ry7glt2s.png","type":"","width":"","height":""}],"twitter_card":"summary_large_image","twitter_misc":{"Tempo di lettura stimato":"7 minuti"},"schema":{"@context":"https:\/\/schema.org","@graph":[{"@type":"WebPage","@id":"https:\/\/fotografartemb.it\/?page_id=526","url":"https:\/\/fotografartemb.it\/?page_id=526","name":"Privacy e Cookie Policy - Fotografartemb","isPartOf":{"@id":"https:\/\/fotografartemb.it\/#website"},"primaryImageOfPage":{"@id":"https:\/\/fotografartemb.it\/?page_id=526#primaryimage"},"image":{"@id":"https:\/\/fotografartemb.it\/?page_id=526#primaryimage"},"thumbnailUrl":"https:\/\/fotografartemb.it\/wp-content\/uploads\/elementor\/thumbs\/logo_MB-P-phnk7ppx3vtehjf66htjn1h5d54430ey12ry7glt2s.png","datePublished":"2026-04-17T20:45:50+00:00","dateModified":"2026-04-17T21:21:47+00:00","breadcrumb":{"@id":"https:\/\/fotografartemb.it\/?page_id=526#breadcrumb"},"inLanguage":"it-IT","potentialAction":[{"@type":"ReadAction","target":["https:\/\/fotografartemb.it\/?page_id=526"]}]},{"@type":"ImageObject","inLanguage":"it-IT","@id":"https:\/\/fotografartemb.it\/?page_id=526#primaryimage","url":"https:\/\/fotografartemb.it\/wp-content\/uploads\/elementor\/thumbs\/logo_MB-P-phnk7ppx3vtehjf66htjn1h5d54430ey12ry7glt2s.png","contentUrl":"https:\/\/fotografartemb.it\/wp-content\/uploads\/elementor\/thumbs\/logo_MB-P-phnk7ppx3vtehjf66htjn1h5d54430ey12ry7glt2s.png"},{"@type":"BreadcrumbList","@id":"https:\/\/fotografartemb.it\/?page_id=526#breadcrumb","itemListElement":[{"@type":"ListItem","position":1,"name":"Home","item":"https:\/\/fotografartemb.it\/"},{"@type":"ListItem","position":2,"name":"Privacy e Cookie Policy"}]},{"@type":"WebSite","@id":"https:\/\/fotografartemb.it\/#website","url":"https:\/\/fotografartemb.it\/","name":"Fotografartemb","description":"&quot;Un viaggio nella fotografia&quot;","publisher":{"@id":"https:\/\/fotografartemb.it\/#organization"},"potentialAction":[{"@type":"SearchAction","target":{"@type":"EntryPoint","urlTemplate":"https:\/\/fotografartemb.it\/?s={search_term_string}"},"query-input":{"@type":"PropertyValueSpecification","valueRequired":true,"valueName":"search_term_string"}}],"inLanguage":"it-IT"},{"@type":"Organization","@id":"https:\/\/fotografartemb.it\/#organization","name":"Fotografartemb","url":"https:\/\/fotografartemb.it\/","logo":{"@type":"ImageObject","inLanguage":"it-IT","@id":"https:\/\/fotografartemb.it\/#\/schema\/logo\/image\/","url":"https:\/\/fotografartemb.it\/wp-content\/uploads\/2021\/12\/logo_MB-M.png","contentUrl":"https:\/\/fotografartemb.it\/wp-content\/uploads\/2021\/12\/logo_MB-M.png","width":315,"height":236,"caption":"Fotografartemb"},"image":{"@id":"https:\/\/fotografartemb.it\/#\/schema\/logo\/image\/"}}]}},"_links":{"self":[{"href":"https:\/\/fotografartemb.it\/index.php?rest_route=\/wp\/v2\/pages\/526","targetHints":{"allow":["GET"]}}],"collection":[{"href":"https:\/\/fotografartemb.it\/index.php?rest_route=\/wp\/v2\/pages"}],"about":[{"href":"https:\/\/fotografartemb.it\/index.php?rest_route=\/wp\/v2\/types\/page"}],"author":[{"embeddable":true,"href":"https:\/\/fotografartemb.it\/index.php?rest_route=\/wp\/v2\/users\/1"}],"replies":[{"embeddable":true,"href":"https:\/\/fotografartemb.it\/index.php?rest_route=%2Fwp%2Fv2%2Fcomments&post=526"}],"version-history":[{"count":11,"href":"https:\/\/fotografartemb.it\/index.php?rest_route=\/wp\/v2\/pages\/526\/revisions"}],"predecessor-version":[{"id":538,"href":"https:\/\/fotografartemb.it\/index.php?rest_route=\/wp\/v2\/pages\/526\/revisions\/538"}],"wp:attachment":[{"href":"https:\/\/fotografartemb.it\/index.php?rest_route=%2Fwp%2Fv2%2Fmedia&parent=526"}],"curies":[{"name":"wp","href":"https:\/\/api.w.org\/{rel}","templated":true}]}}